{"id":9957,"date":"2017-09-07T10:54:37","date_gmt":"2017-09-07T07:54:37","guid":{"rendered":"https:\/\/univormu.fi\/cart"},"modified":"2026-03-13T13:45:40","modified_gmt":"2026-03-13T11:45:40","slug":"cart","status":"publish","type":"page","link":"https:\/\/univormu.fi\/en\/cart","title":{"rendered":"Cart"},"content":{"rendered":"\n","protected":false},"excerpt":{"rendered":"","protected":false},"author":4,"featured_media":0,"parent":0,"menu_order":0,"comment_status":"closed","ping_status":"closed","template":"","meta":{"footnotes":""},"class_list":["post-9957","page","type-page","status-publish"],"yoast_head":"<!-- This site is optimized with the Yoast SEO plugin v27.3 - https:\/\/yoast.com\/product\/yoast-seo-wordpress\/ -->\n<title>Laadukkaita asusteita, laukkuja ja naisten ty\u00f6vaatteita - Univormu<\/title>\n<meta name=\"description\" content=\"Kest\u00e4vi\u00e4 laadukkaita asusteita, laukkuja ja naisten ty\u00f6vaatteita Suomessa tehtyn\u00e4. Tutustu valikoimaan \u00bb\" \/>\n<meta name=\"robots\" content=\"index, follow, max-snippet:-1, max-image-preview:large, max-video-preview:-1\" \/>\n<link rel=\"canonical\" href=\"https:\/\/univormu.fi\/en\/cart\" \/>\n<meta property=\"og:locale\" content=\"en_US\" \/>\n<meta property=\"og:type\" content=\"article\" \/>\n<meta property=\"og:title\" content=\"Laadukkaita asusteita, laukkuja ja naisten ty\u00f6vaatteita - Univormu\" \/>\n<meta property=\"og:description\" content=\"Kest\u00e4vi\u00e4 laadukkaita asusteita, laukkuja ja naisten ty\u00f6vaatteita Suomessa tehtyn\u00e4. Tutustu valikoimaan \u00bb\" \/>\n<meta property=\"og:url\" content=\"https:\/\/univormu.fi\/en\/cart\" \/>\n<meta property=\"og:site_name\" content=\"Univormu\" \/>\n<meta property=\"article:publisher\" content=\"https:\/\/www.facebook.com\/univormu.fi\/\" \/>\n<meta property=\"article:modified_time\" content=\"2026-03-13T11:45:40+00:00\" \/>\n<meta name=\"twitter:card\" content=\"summary_large_image\" \/>\n<script type=\"application\/ld+json\" class=\"yoast-schema-graph\">{\"@context\":\"https:\\\/\\\/schema.org\",\"@graph\":[{\"@type\":\"WebPage\",\"@id\":\"https:\\\/\\\/univormu.fi\\\/en\\\/cart\",\"url\":\"https:\\\/\\\/univormu.fi\\\/en\\\/cart\",\"name\":\"Laadukkaita asusteita, laukkuja ja naisten ty\u00f6vaatteita - Univormu\",\"isPartOf\":{\"@id\":\"https:\\\/\\\/univormu.fi\\\/en#website\"},\"datePublished\":\"2017-09-07T07:54:37+00:00\",\"dateModified\":\"2026-03-13T11:45:40+00:00\",\"description\":\"Kest\u00e4vi\u00e4 laadukkaita asusteita, laukkuja ja naisten ty\u00f6vaatteita Suomessa tehtyn\u00e4. Tutustu valikoimaan \u00bb\",\"breadcrumb\":{\"@id\":\"https:\\\/\\\/univormu.fi\\\/en\\\/cart#breadcrumb\"},\"inLanguage\":\"en-US\",\"potentialAction\":[{\"@type\":\"ReadAction\",\"target\":[\"https:\\\/\\\/univormu.fi\\\/en\\\/cart\"]}]},{\"@type\":\"BreadcrumbList\",\"@id\":\"https:\\\/\\\/univormu.fi\\\/en\\\/cart#breadcrumb\",\"itemListElement\":[{\"@type\":\"ListItem\",\"position\":1,\"name\":\"Home\",\"item\":\"https:\\\/\\\/univormu.fi\\\/en\\\/workwear-headbands-finnish-design\"},{\"@type\":\"ListItem\",\"position\":2,\"name\":\"Cart\"}]},{\"@type\":\"WebSite\",\"@id\":\"https:\\\/\\\/univormu.fi\\\/en#website\",\"url\":\"https:\\\/\\\/univormu.fi\\\/en\",\"name\":\"Univormu\",\"description\":\"Laadukkaat asusteet, laukut ja naisten ty&ouml;vaatteet.\",\"potentialAction\":[{\"@type\":\"SearchAction\",\"target\":{\"@type\":\"EntryPoint\",\"urlTemplate\":\"https:\\\/\\\/univormu.fi\\\/en?s={search_term_string}\"},\"query-input\":{\"@type\":\"PropertyValueSpecification\",\"valueRequired\":true,\"valueName\":\"search_term_string\"}}],\"inLanguage\":\"en-US\"}]}<\/script>\n<!-- \/ Yoast SEO plugin. -->","yoast_head_json":{"title":"Laadukkaita asusteita, laukkuja ja naisten ty\u00f6vaatteita - Univormu","description":"Kest\u00e4vi\u00e4 laadukkaita asusteita, laukkuja ja naisten ty\u00f6vaatteita Suomessa tehtyn\u00e4. Tutustu valikoimaan \u00bb","robots":{"index":"index","follow":"follow","max-snippet":"max-snippet:-1","max-image-preview":"max-image-preview:large","max-video-preview":"max-video-preview:-1"},"canonical":"https:\/\/univormu.fi\/en\/cart","og_locale":"en_US","og_type":"article","og_title":"Laadukkaita asusteita, laukkuja ja naisten ty\u00f6vaatteita - Univormu","og_description":"Kest\u00e4vi\u00e4 laadukkaita asusteita, laukkuja ja naisten ty\u00f6vaatteita Suomessa tehtyn\u00e4. Tutustu valikoimaan \u00bb","og_url":"https:\/\/univormu.fi\/en\/cart","og_site_name":"Univormu","article_publisher":"https:\/\/www.facebook.com\/univormu.fi\/","article_modified_time":"2026-03-13T11:45:40+00:00","twitter_card":"summary_large_image","schema":{"@context":"https:\/\/schema.org","@graph":[{"@type":"WebPage","@id":"https:\/\/univormu.fi\/en\/cart","url":"https:\/\/univormu.fi\/en\/cart","name":"Laadukkaita asusteita, laukkuja ja naisten ty\u00f6vaatteita - Univormu","isPartOf":{"@id":"https:\/\/univormu.fi\/en#website"},"datePublished":"2017-09-07T07:54:37+00:00","dateModified":"2026-03-13T11:45:40+00:00","description":"Kest\u00e4vi\u00e4 laadukkaita asusteita, laukkuja ja naisten ty\u00f6vaatteita Suomessa tehtyn\u00e4. Tutustu valikoimaan \u00bb","breadcrumb":{"@id":"https:\/\/univormu.fi\/en\/cart#breadcrumb"},"inLanguage":"en-US","potentialAction":[{"@type":"ReadAction","target":["https:\/\/univormu.fi\/en\/cart"]}]},{"@type":"BreadcrumbList","@id":"https:\/\/univormu.fi\/en\/cart#breadcrumb","itemListElement":[{"@type":"ListItem","position":1,"name":"Home","item":"https:\/\/univormu.fi\/en\/workwear-headbands-finnish-design"},{"@type":"ListItem","position":2,"name":"Cart"}]},{"@type":"WebSite","@id":"https:\/\/univormu.fi\/en#website","url":"https:\/\/univormu.fi\/en","name":"Univormu","description":"Laadukkaat asusteet, laukut ja naisten ty&ouml;vaatteet.","potentialAction":[{"@type":"SearchAction","target":{"@type":"EntryPoint","urlTemplate":"https:\/\/univormu.fi\/en?s={search_term_string}"},"query-input":{"@type":"PropertyValueSpecification","valueRequired":true,"valueName":"search_term_string"}}],"inLanguage":"en-US"}]}},"_links":{"self":[{"href":"https:\/\/univormu.fi\/en\/wp-json\/wp\/v2\/pages\/9957","targetHints":{"allow":["GET"]}}],"collection":[{"href":"https:\/\/univormu.fi\/en\/wp-json\/wp\/v2\/pages"}],"about":[{"href":"https:\/\/univormu.fi\/en\/wp-json\/wp\/v2\/types\/page"}],"author":[{"embeddable":true,"href":"https:\/\/univormu.fi\/en\/wp-json\/wp\/v2\/users\/4"}],"replies":[{"embeddable":true,"href":"https:\/\/univormu.fi\/en\/wp-json\/wp\/v2\/comments?post=9957"}],"version-history":[{"count":0,"href":"https:\/\/univormu.fi\/en\/wp-json\/wp\/v2\/pages\/9957\/revisions"}],"wp:attachment":[{"href":"https:\/\/univormu.fi\/en\/wp-json\/wp\/v2\/media?parent=9957"}],"curies":[{"name":"wp","href":"https:\/\/api.w.org\/{rel}","templated":true}]}}